{"id":63,"date":"2021-01-18T12:21:22","date_gmt":"2021-01-18T10:21:22","guid":{"rendered":"http:\/\/www.pelmatec.fi\/?page_id=63"},"modified":"2023-07-07T17:50:11","modified_gmt":"2023-07-07T14:50:11","slug":"galleria","status":"publish","type":"page","link":"https:\/\/www.pelmatec.fi\/?page_id=63","title":{"rendered":"Galleria"},"content":{"rendered":"\n<p>T\u00e4ll\u00e4 sivulla on joitakin esimerkkej\u00e4 tekemist\u00e4ni toist\u00e4, koneista ja tuotteista. Osa on asiakkaiden tilauksia ja osa on omaan k\u00e4ytt\u00f6\u00f6n tehtyj\u00e4.<\/p>\n\n\n\n<hr class=\"wp-block-separator has-css-opacity is-style-wide\"\/>\n\n\n\n<h2 class=\"wp-block-heading\">Polkupy\u00f6r\u00e4n lukituslenkki<\/h2>\n\n\n\n<figure class=\"wp-block-image size-large\"><a href=\"https:\/\/www.pelmatec.fi\/wp-content\/uploads\/2022\/09\/lukituspuomi-2kuvaa-med.jpg\"><img decoding=\"async\" loading=\"lazy\" width=\"1024\" height=\"790\" src=\"https:\/\/www.pelmatec.fi\/wp-content\/uploads\/2022\/09\/lukituspuomi-2kuvaa-med-1024x790.jpg\" alt=\"\" class=\"wp-image-437\" srcset=\"https:\/\/www.pelmatec.fi\/wp-content\/uploads\/2022\/09\/lukituspuomi-2kuvaa-med-1024x790.jpg 1024w, https:\/\/www.pelmatec.fi\/wp-content\/uploads\/2022\/09\/lukituspuomi-2kuvaa-med-300x231.jpg 300w, https:\/\/www.pelmatec.fi\/wp-content\/uploads\/2022\/09\/lukituspuomi-2kuvaa-med-768x592.jpg 768w, https:\/\/www.pelmatec.fi\/wp-content\/uploads\/2022\/09\/lukituspuomi-2kuvaa-med.jpg 1088w\" sizes=\"(max-width: 1024px) 100vw, 1024px\" \/><\/a><figcaption class=\"wp-element-caption\">Lukituspuomi sein\u00e4ss\u00e4<\/figcaption><\/figure>\n\n\n\n<p>Halusin lukita polkupy\u00f6r\u00e4ni U-lukolla suoraan sein\u00e4\u00e4n kiinni mutta en l\u00f6yt\u00e4nyt kuin &#8221;lyhyit\u00e4&#8221; lenkkej\u00e4, jotka on tarkoitettu enempi ketju- ja vaijerilukoille. U-lukko ei sellaiseen oikein ylety tai fillari j\u00e4\u00e4 turhan l\u00e4helle sein\u00e4\u00e4. Tein rosterista er\u00e4\u00e4nlaisen taittuvan puomin, joka antaa hiukan enemmin pelivaraa lukitukselle. Varsi on 54mm putkea, jonka p\u00e4\u00e4h\u00e4n on hitsattu 6mm laippa, jonka rei\u00e4ss\u00e4 on 1.2T nostosilmukka (M20 lukkomutterilla kiinni), joka p\u00e4\u00e4see py\u00f6rim\u00e4\u00e4n vapaasti. Sein\u00e4st\u00e4 silmukan keskelle n. 25cm. Kahdella 10mm t\u00e4kkipultilla sein\u00e4ss\u00e4 kiinni. T\u00e4st\u00e4 on nyt my\u00f6s tehty <a href=\"https:\/\/www.pelmatec.fi\/?page_id=528\">tuote<\/a>.<\/p>\n\n\n\n<h2 class=\"wp-block-heading\">Nauhahiomakone<\/h2>\n\n\n\n<figure class=\"wp-block-image size-large\"><a href=\"http:\/\/www.pelmatec.fi\/wp-content\/uploads\/2021\/01\/nauhahiomakone600.jpg\"><img decoding=\"async\" loading=\"lazy\" width=\"620\" height=\"461\" src=\"http:\/\/www.pelmatec.fi\/wp-content\/uploads\/2021\/01\/nauhahiomakone600.jpg\" alt=\"nauhahiomakone\" class=\"wp-image-54\" srcset=\"https:\/\/www.pelmatec.fi\/wp-content\/uploads\/2021\/01\/nauhahiomakone600.jpg 620w, https:\/\/www.pelmatec.fi\/wp-content\/uploads\/2021\/01\/nauhahiomakone600-300x223.jpg 300w\" sizes=\"(max-width: 620px) 100vw, 620px\" \/><\/a><\/figure>\n\n\n\n<p>Nauhahiomakone 2-tuuman hiomanauhalle. T\u00e4m\u00e4 on tehty ammatikoulun n\u00e4ytt\u00f6ty\u00f6n\u00e4 omaan tarpeeseen. Idea on per\u00e4isin YouTubesta mutta mitoitus ja piirustukset on omaa suunnittelua.<\/p>\n\n\n\n<hr class=\"wp-block-separator has-css-opacity is-style-wide\"\/>\n\n\n\n<h2 class=\"wp-block-heading\">Automaattisulakkeen kiinnitysluisti<\/h2>\n\n\n\n<figure class=\"wp-block-image size-large\"><a href=\"http:\/\/www.pelmatec.fi\/wp-content\/uploads\/2021\/01\/sulakkeen_luisti600.jpg\"><img decoding=\"async\" loading=\"lazy\" width=\"673\" height=\"736\" src=\"http:\/\/www.pelmatec.fi\/wp-content\/uploads\/2021\/01\/sulakkeen_luisti600.jpg\" alt=\"sulakkeen luisti\" class=\"wp-image-53\" srcset=\"https:\/\/www.pelmatec.fi\/wp-content\/uploads\/2021\/01\/sulakkeen_luisti600.jpg 673w, https:\/\/www.pelmatec.fi\/wp-content\/uploads\/2021\/01\/sulakkeen_luisti600-274x300.jpg 274w\" sizes=\"(max-width: 673px) 100vw, 673px\" \/><\/a><\/figure>\n\n\n\n<p>T\u00e4m\u00e4 ty\u00f6 on tyypillinen pikku korjaus, joita teen usein. Korjaus mahdollistaa sulakkeen k\u00e4yt\u00f6n edelleen. Itse sulake on t\u00e4ysin toimiva mutta sen lukkoluisti (kuvassa oik. alh.) oli murtunut, joten se ei en\u00e4\u00e4 pysynyt kiinni DIN-kiskossa. Uusi osa on suunniteltu vanhan osan mukaan, piirretty 3D-CAD-ohjelmalla ja tulostettu 3D-printterill\u00e4 PETG muovista.<\/p>\n\n\n\n<hr class=\"wp-block-separator has-css-opacity is-style-wide\"\/>\n\n\n\n<h2 class=\"wp-block-heading\">Hitsausp\u00f6yt\u00e4<\/h2>\n\n\n\n<figure class=\"wp-block-image size-large\"><a href=\"http:\/\/www.pelmatec.fi\/wp-content\/uploads\/2021\/01\/hitsauspoyta600.jpg\"><img decoding=\"async\" loading=\"lazy\" width=\"636\" height=\"488\" src=\"http:\/\/www.pelmatec.fi\/wp-content\/uploads\/2021\/01\/hitsauspoyta600.jpg\" alt=\"hitsausp\u00f6yt\u00e4\" class=\"wp-image-43\" srcset=\"https:\/\/www.pelmatec.fi\/wp-content\/uploads\/2021\/01\/hitsauspoyta600.jpg 636w, https:\/\/www.pelmatec.fi\/wp-content\/uploads\/2021\/01\/hitsauspoyta600-300x230.jpg 300w\" sizes=\"(max-width: 636px) 100vw, 636px\" \/><\/a><\/figure>\n\n\n\n<p>T\u00e4m\u00e4 hitsausp\u00f6yt\u00e4 on tehty omaan tarpeeseen omien suunnitelmien mukaan. Netist\u00e4 tosin l\u00f6ytyyy valtavasti vastaavia, joista otin ideoita. Runko on 60&#215;60 ja 50&#215;50 neli\u00f6putkea ja kansi 120&#215;10 lattarautaa. Kokonaispaino on noin 130kg. Kansi on kiinnitetty ruuveilla, jotta p\u00f6yd\u00e4st\u00e4 saa (mahdollista) muuttoa varten suuren osan painosta pois. Kansi on my\u00f6s helppo vaihtaa, jos se vaurioituu k\u00e4yt\u00f6ss\u00e4. Kannen kapeat latat (20mm) voi irrottaa, jolloin vapautuvaan rakoon saa helposti kiinnitetty\u00e4 puristimia ym. Hylly on tehty verkosta, jottei se her\u00e4isi niin paljoa p\u00f6ly\u00e4 ym. roinaa.<\/p>\n\n\n\n<hr class=\"wp-block-separator has-css-opacity is-style-wide\"\/>\n\n\n\n<h2 class=\"wp-block-heading\">Jyrsinkoneen jalusta<\/h2>\n\n\n\n<figure class=\"wp-block-image size-large\"><a href=\"http:\/\/www.pelmatec.fi\/wp-content\/uploads\/2021\/01\/jyrsikoneen_jalusta_runko600.jpg\"><img decoding=\"async\" loading=\"lazy\" width=\"644\" height=\"588\" src=\"http:\/\/www.pelmatec.fi\/wp-content\/uploads\/2021\/01\/jyrsikoneen_jalusta_runko600.jpg\" alt=\"runko\" class=\"wp-image-44\" srcset=\"https:\/\/www.pelmatec.fi\/wp-content\/uploads\/2021\/01\/jyrsikoneen_jalusta_runko600.jpg 644w, https:\/\/www.pelmatec.fi\/wp-content\/uploads\/2021\/01\/jyrsikoneen_jalusta_runko600-300x274.jpg 300w\" sizes=\"(max-width: 644px) 100vw, 644px\" \/><\/a><figcaption class=\"wp-element-caption\">Jyrsinp\u00f6yd\u00e4n jalustan runko<\/figcaption><\/figure>\n\n\n\n<figure class=\"wp-block-image size-large\"><a href=\"http:\/\/www.pelmatec.fi\/wp-content\/uploads\/2021\/01\/jyrsikoneen_jalusta_valmis600.jpg\"><img decoding=\"async\" loading=\"lazy\" width=\"638\" height=\"563\" src=\"http:\/\/www.pelmatec.fi\/wp-content\/uploads\/2021\/01\/jyrsikoneen_jalusta_valmis600.jpg\" alt=\"jalusta\" class=\"wp-image-45\" srcset=\"https:\/\/www.pelmatec.fi\/wp-content\/uploads\/2021\/01\/jyrsikoneen_jalusta_valmis600.jpg 638w, https:\/\/www.pelmatec.fi\/wp-content\/uploads\/2021\/01\/jyrsikoneen_jalusta_valmis600-300x265.jpg 300w\" sizes=\"(max-width: 638px) 100vw, 638px\" \/><\/a><figcaption class=\"wp-element-caption\">Jyrsinkoneen jalusta valmiina<\/figcaption><\/figure>\n\n\n\n<p>Uudelle jyrsinkoneelleni tein jalustan 60&#215;60 neli\u00f6putkesta. Laatikot ja ulkopinnat on 12mm maalattua vaneria. Rungon muoto on liev\u00e4sti alasp\u00e4in levenev\u00e4, jotta pystyputkien yl\u00e4p\u00e4\u00e4t on saatu l\u00e4helle koneen runkoa ja toisaalta lattiaa vasten on saatu riitt\u00e4v\u00e4sti leveytt\u00e4 ja tukevuutta. Vaneri edelleen j\u00e4ykist\u00e4\u00e4 runkoa. Koneen mukana myyt\u00e4v\u00e4 jalusta oli minulle liian matala, eik\u00e4 siin\u00e4 ollut lainkaan s\u00e4ilytystilaa, joten p\u00e4\u00e4dyin tekem\u00e4\u00e4n jalusta itse omien mittojen ja tarpeiden mukaan. Pajassa ei ole koskaan liikaa s\u00e4ilytystilaa \ud83d\ude42<\/p>\n\n\n\n<hr class=\"wp-block-separator has-css-opacity is-style-wide\"\/>\n\n\n\n<h2 class=\"wp-block-heading\">Akselitappeja<\/h2>\n\n\n\n<figure class=\"wp-block-image size-large\"><a href=\"http:\/\/www.pelmatec.fi\/wp-content\/uploads\/2021\/01\/akselitapit600.jpg\"><img decoding=\"async\" loading=\"lazy\" width=\"629\" height=\"575\" src=\"http:\/\/www.pelmatec.fi\/wp-content\/uploads\/2021\/01\/akselitapit600.jpg\" alt=\"Akselitappeja\" class=\"wp-image-42\" srcset=\"https:\/\/www.pelmatec.fi\/wp-content\/uploads\/2021\/01\/akselitapit600.jpg 629w, https:\/\/www.pelmatec.fi\/wp-content\/uploads\/2021\/01\/akselitapit600-300x274.jpg 300w\" sizes=\"(max-width: 629px) 100vw, 629px\" \/><\/a><\/figure>\n\n\n\n<p>Asiakkaan kuvien mukaan ja asiakkaan materiaalista (ter\u00e4ksest\u00e4) koneistettuja akselitappeja.<\/p>\n\n\n\n<hr class=\"wp-block-separator has-css-opacity is-style-wide\"\/>\n\n\n\n<h2 class=\"wp-block-heading\">J\u00e4\u00e4hdytyssiili<\/h2>\n\n\n\n<figure class=\"wp-block-image size-large\"><a href=\"http:\/\/www.pelmatec.fi\/wp-content\/uploads\/2021\/01\/jaahdytyssiili600.jpg\"><img decoding=\"async\" loading=\"lazy\" width=\"612\" height=\"556\" src=\"http:\/\/www.pelmatec.fi\/wp-content\/uploads\/2021\/01\/jaahdytyssiili600.jpg\" alt=\"J\u00e4\u00e4hdytyssiili\" class=\"wp-image-46\" srcset=\"https:\/\/www.pelmatec.fi\/wp-content\/uploads\/2021\/01\/jaahdytyssiili600.jpg 612w, https:\/\/www.pelmatec.fi\/wp-content\/uploads\/2021\/01\/jaahdytyssiili600-300x273.jpg 300w\" sizes=\"(max-width: 612px) 100vw, 612px\" \/><\/a><\/figure>\n\n\n\n<p>Alumiinista CNC-koneistettu j\u00e4\u00e4hdytyssiili askelmoottoriohjaimeen. Alkuper\u00e4inen siili oli liian pieni ja ohjainpiiri kuumeni liikaa. Mitoitettu tarkasti ohjainpiirin mittojen mukaan, jotta se pysyy hyvin paikoillaan eik\u00e4 aiheuta oikosulkuja.<\/p>\n\n\n\n<hr class=\"wp-block-separator has-css-opacity is-style-wide\"\/>\n\n\n\n<h2 class=\"wp-block-heading\">Lumikauha pienkuormaimeen<\/h2>\n\n\n\n<figure class=\"wp-block-image size-large\"><a href=\"http:\/\/www.pelmatec.fi\/wp-content\/uploads\/2021\/01\/lumikauha600.jpg\"><img decoding=\"async\" loading=\"lazy\" width=\"661\" height=\"564\" src=\"http:\/\/www.pelmatec.fi\/wp-content\/uploads\/2021\/01\/lumikauha600.jpg\" alt=\"Lumikauha\" class=\"wp-image-49\" srcset=\"https:\/\/www.pelmatec.fi\/wp-content\/uploads\/2021\/01\/lumikauha600.jpg 661w, https:\/\/www.pelmatec.fi\/wp-content\/uploads\/2021\/01\/lumikauha600-300x256.jpg 300w\" sizes=\"(max-width: 661px) 100vw, 661px\" \/><\/a><\/figure>\n\n\n\n<p>4mm ter\u00e4slevyst\u00e4 tehty lumikauha omaan k\u00e4ytt\u00f6\u00f6n. Miksi ostaa valmiina kaupasta, kun voi tehd\u00e4 itsekin \ud83d\ude42<\/p>\n\n\n\n<hr class=\"wp-block-separator has-css-opacity is-style-wide\"\/>\n\n\n\n<h2 class=\"wp-block-heading\">Myyntiteline kuivakukille<\/h2>\n\n\n\n<figure class=\"wp-block-image size-large\"><a href=\"http:\/\/www.pelmatec.fi\/wp-content\/uploads\/2021\/01\/myyntiteline600.jpg\"><img decoding=\"async\" loading=\"lazy\" width=\"637\" height=\"567\" src=\"http:\/\/www.pelmatec.fi\/wp-content\/uploads\/2021\/01\/myyntiteline600.jpg\" alt=\"Muuntiteline\" class=\"wp-image-50\" srcset=\"https:\/\/www.pelmatec.fi\/wp-content\/uploads\/2021\/01\/myyntiteline600.jpg 637w, https:\/\/www.pelmatec.fi\/wp-content\/uploads\/2021\/01\/myyntiteline600-300x267.jpg 300w\" sizes=\"(max-width: 637px) 100vw, 637px\" \/><\/a><\/figure>\n\n\n\n<p>Asiakkaan toiveiden ja mittojen mukaan tehty myyntiteline kuivakukille. Pohja vaneria ja putket muovia.<\/p>\n\n\n\n<hr class=\"wp-block-separator has-css-opacity is-style-wide\"\/>\n\n\n\n<h2 class=\"wp-block-heading\">Pienkuormaimen kaapeliojakauha<\/h2>\n\n\n\n<figure class=\"wp-block-image size-large\"><a href=\"http:\/\/www.pelmatec.fi\/wp-content\/uploads\/2021\/01\/kaapeliojakauha600.jpg\"><img decoding=\"async\" loading=\"lazy\" width=\"659\" height=\"432\" src=\"http:\/\/www.pelmatec.fi\/wp-content\/uploads\/2021\/01\/kaapeliojakauha600.jpg\" alt=\"Kaapeliojakauha\" class=\"wp-image-47\" srcset=\"https:\/\/www.pelmatec.fi\/wp-content\/uploads\/2021\/01\/kaapeliojakauha600.jpg 659w, https:\/\/www.pelmatec.fi\/wp-content\/uploads\/2021\/01\/kaapeliojakauha600-300x197.jpg 300w\" sizes=\"(max-width: 659px) 100vw, 659px\" \/><\/a><\/figure>\n\n\n\n<p>T\u00e4m\u00e4n kaapeliojakauhan tein omaan tarpeeseen omilla kuvilla ammattikoulun n\u00e4ytt\u00f6ty\u00f6n\u00e4. Kauha on suunniteltu 3D-CAD-mallina, jonka avulla tein my\u00f6s lujuussimuloinnin ja joitakin parannuksia. Osat leikasin CNC-plasmalla 6mm ter\u00e4slevyst\u00e4 ja osat hitsasin yhteen MAG-hitsill\u00e4. Kauhan S-30 kiinnikkeen tein my\u00f6s itse.<\/p>\n\n\n\n<hr class=\"wp-block-separator has-css-opacity is-style-wide\"\/>\n\n\n\n<h2 class=\"wp-block-heading\">Kaivinkoneen S-30 pikakiinnityslaite<\/h2>\n\n\n\n<figure class=\"wp-block-image size-large\"><a href=\"http:\/\/www.pelmatec.fi\/wp-content\/uploads\/2021\/01\/pikakiinnike600.jpg\"><img decoding=\"async\" loading=\"lazy\" width=\"677\" height=\"480\" src=\"http:\/\/www.pelmatec.fi\/wp-content\/uploads\/2021\/01\/pikakiinnike600.jpg\" alt=\"Pikakiinnike\" class=\"wp-image-52\" srcset=\"https:\/\/www.pelmatec.fi\/wp-content\/uploads\/2021\/01\/pikakiinnike600.jpg 677w, https:\/\/www.pelmatec.fi\/wp-content\/uploads\/2021\/01\/pikakiinnike600-300x213.jpg 300w\" sizes=\"(max-width: 677px) 100vw, 677px\" \/><\/a><\/figure>\n\n\n\n<p>Puoliautomaattinen S-30 pikakiinnitin on my\u00f6s tehty omaan k\u00e4ytt\u00f6\u00f6n. Suunnittelu 3D-CAD:lla netist\u00e4 l\u00f6ytyneiden kuvien vinkkien mukaan. Kauhan irrotus tapahtuu vivusta k\u00e4\u00e4nt\u00e4m\u00e4ll\u00e4 ja lukkiutuminen tapahtuu automaattisesti, kun kauha menee paikoilleen.<\/p>\n\n\n\n<hr class=\"wp-block-separator has-css-opacity is-style-wide\"\/>\n\n\n\n<h2 class=\"wp-block-heading\">Kierretapin kiinnitysholkki<\/h2>\n\n\n\n<figure class=\"wp-block-image size-large\"><a href=\"http:\/\/www.pelmatec.fi\/wp-content\/uploads\/2021\/01\/kierretapin_pidin600.jpg\"><img decoding=\"async\" loading=\"lazy\" width=\"576\" height=\"432\" src=\"http:\/\/www.pelmatec.fi\/wp-content\/uploads\/2021\/01\/kierretapin_pidin600.jpg\" alt=\"Kierretappiholkit\" class=\"wp-image-48\" srcset=\"https:\/\/www.pelmatec.fi\/wp-content\/uploads\/2021\/01\/kierretapin_pidin600.jpg 576w, https:\/\/www.pelmatec.fi\/wp-content\/uploads\/2021\/01\/kierretapin_pidin600-300x225.jpg 300w\" sizes=\"(max-width: 576px) 100vw, 576px\" \/><\/a><\/figure>\n\n\n\n<p>N\u00e4m\u00e4 kiinnitysholkit on tehty ter\u00e4ksest\u00e4 Abom79 idean\/mallin mukaan (video l\u00f6ytyy YouTubesta haulla &#8221;abom  SNS 147&#8221;). Ideana n\u00e4iss\u00e4 on saada kierretappi tukevasti kiinni jyrsinkoneen istukkaan koneella tapahtuvaa kierteytyst\u00e4 varten. Kierretappi suoraan istukassa ei oikein tahdo pysy\u00e4 kiinni vaan alkaa herk\u00e4sti luistaa. T\u00e4llaisella kiinnitysholkilla saadaan enemmin otepintaa (varsinkin poraistukassa sit\u00e4 tarvitaan). N\u00e4m\u00e4 viisi erikoista holkkia sopivat kierretappeihini 6mm &#8211; 16mm.<\/p>\n\n\n\n<hr class=\"wp-block-separator has-css-opacity is-style-wide\"\/>\n\n\n\n<h2 class=\"wp-block-heading\">Korun valmistusty\u00f6kalu<\/h2>\n\n\n\n<figure class=\"wp-block-image size-large\"><a href=\"http:\/\/www.pelmatec.fi\/wp-content\/uploads\/2021\/01\/korupuristin500.jpg\"><img decoding=\"async\" loading=\"lazy\" width=\"474\" height=\"843\" src=\"http:\/\/www.pelmatec.fi\/wp-content\/uploads\/2021\/01\/korupuristin500.jpg\" alt=\"koruty\u00f6kalu\" class=\"wp-image-94\" srcset=\"https:\/\/www.pelmatec.fi\/wp-content\/uploads\/2021\/01\/korupuristin500.jpg 474w, https:\/\/www.pelmatec.fi\/wp-content\/uploads\/2021\/01\/korupuristin500-169x300.jpg 169w\" sizes=\"(max-width: 474px) 100vw, 474px\" \/><\/a><\/figure>\n\n\n\n<p>T\u00e4m\u00e4n laitteen taustalla oli asiakkaan toimeksianto suunnitella ja valmistaa ty\u00f6kalu, jolla asiakas pystyy valmistamaan (metallilevyaihiosta muotoilemalla) suunnittelemaansa korua useita kymmeni\u00e4 kappaleita p\u00e4iv\u00e4ss\u00e4. Eri vaihtoehdoista suunnittelussa p\u00e4\u00e4dyttiin manuaaliseen ty\u00f6kaluun, jonka k\u00e4ytt\u00e4miseen tarvitaan p\u00e4tev\u00f6itynyt operaattori. Kuva on ty\u00f6kalun toimivasta prototyypist\u00e4. Materiaaleina ter\u00e4st\u00e4, alumiinia ja muovia. Puristusmuotit on CNC-koneistettu alumiinista asiakkan 3D-mallien mukaan.<\/p>\n\n\n\n<hr class=\"wp-block-separator has-css-opacity is-style-wide\"\/>\n\n\n\n<h2 class=\"wp-block-heading\">Kukkakimpun pidin<\/h2>\n\n\n\n<figure class=\"wp-block-image size-large\"><a href=\"http:\/\/www.pelmatec.fi\/wp-content\/uploads\/2021\/01\/kukkapuristin500.jpg\"><img decoding=\"async\" loading=\"lazy\" width=\"554\" height=\"325\" src=\"http:\/\/www.pelmatec.fi\/wp-content\/uploads\/2021\/01\/kukkapuristin500.jpg\" alt=\"kukkapuristin\" class=\"wp-image-95\" srcset=\"https:\/\/www.pelmatec.fi\/wp-content\/uploads\/2021\/01\/kukkapuristin500.jpg 554w, https:\/\/www.pelmatec.fi\/wp-content\/uploads\/2021\/01\/kukkapuristin500-300x176.jpg 300w\" sizes=\"(max-width: 554px) 100vw, 554px\" \/><\/a><\/figure>\n\n\n\n<p>T\u00e4m\u00e4 tuote suunniteltiin asiakkaan tarpeiden mukaisesti pit\u00e4m\u00e4\u00e4n keskener\u00e4ist\u00e4 kukkakimppua v\u00e4liaikaisesti koossa. Kukkakaupassa tulee eteen tilanteita, jossa keskener\u00e4inen kimppu pit\u00e4\u00e4 j\u00e4tt\u00e4\u00e4 odottamaan jokun muun teht\u00e4v\u00e4n vuoksi. Yleens\u00e4 kimppu sidotaan v\u00e4liaisesti narulla (yms). T\u00e4ll\u00e4 ty\u00f6kalulla kiinnitys tapahtuu nopeasti, helposti ja varmasti. Muoviosat on 3D-tulostettu PETG-muovista ja metalliosat (sarana+jousi) on valmistettu ruostumattomista materiaaleista.<\/p>\n\n\n\n<hr class=\"wp-block-separator has-css-opacity is-style-wide\"\/>\n","protected":false},"excerpt":{"rendered":"<p>T\u00e4ll\u00e4 sivulla on joitakin esimerkkej\u00e4 tekemist\u00e4ni toist\u00e4, koneista ja tuotteista. Osa on asiakkaiden tilauksia ja osa on omaan k\u00e4ytt\u00f6\u00f6n tehtyj\u00e4. Polkupy\u00f6r\u00e4n lukituslenkki Halusin lukita polkupy\u00f6r\u00e4ni U-lukolla suoraan sein\u00e4\u00e4n kiinni mutta en l\u00f6yt\u00e4nyt kuin &#8221;lyhyit\u00e4&#8221; lenkkej\u00e4, jotka on tarkoitettu enempi ketju- ja vaijerilukoille. U-lukko ei sellaiseen oikein ylety tai fillari j\u00e4\u00e4 turhan l\u00e4helle sein\u00e4\u00e4. Tein rosterista&hellip;&nbsp;<a href=\"https:\/\/www.pelmatec.fi\/?page_id=63\" class=\"\" rel=\"bookmark\">Lue lis\u00e4\u00e4 &raquo;<span class=\"screen-reader-text\">Galleria<\/span><\/a><\/p>\n","protected":false},"author":1,"featured_media":0,"parent":0,"menu_order":0,"comment_status":"closed","ping_status":"closed","template":"","meta":{"neve_meta_sidebar":"full-width","neve_meta_container":"","neve_meta_enable_content_width":"on","neve_meta_content_width":100,"neve_meta_title_alignment":"","neve_meta_author_avatar":"","neve_post_elements_order":"","neve_meta_disable_header":"","neve_meta_disable_footer":"","neve_meta_disable_title":""},"_links":{"self":[{"href":"https:\/\/www.pelmatec.fi\/index.php?rest_route=\/wp\/v2\/pages\/63"}],"collection":[{"href":"https:\/\/www.pelmatec.fi\/index.php?rest_route=\/wp\/v2\/pages"}],"about":[{"href":"https:\/\/www.pelmatec.fi\/index.php?rest_route=\/wp\/v2\/types\/page"}],"author":[{"embeddable":true,"href":"https:\/\/www.pelmatec.fi\/index.php?rest_route=\/wp\/v2\/users\/1"}],"replies":[{"embeddable":true,"href":"https:\/\/www.pelmatec.fi\/index.php?rest_route=%2Fwp%2Fv2%2Fcomments&post=63"}],"version-history":[{"count":27,"href":"https:\/\/www.pelmatec.fi\/index.php?rest_route=\/wp\/v2\/pages\/63\/revisions"}],"predecessor-version":[{"id":567,"href":"https:\/\/www.pelmatec.fi\/index.php?rest_route=\/wp\/v2\/pages\/63\/revisions\/567"}],"wp:attachment":[{"href":"https:\/\/www.pelmatec.fi\/index.php?rest_route=%2Fwp%2Fv2%2Fmedia&parent=63"}],"curies":[{"name":"wp","href":"https:\/\/api.w.org\/{rel}","templated":true}]}}