{"id":31,"date":"2021-01-15T18:35:29","date_gmt":"2021-01-15T16:35:29","guid":{"rendered":"http:\/\/www.pelmatec.fi\/?page_id=31"},"modified":"2021-05-28T15:26:46","modified_gmt":"2021-05-28T12:26:46","slug":"yrityksen-tarina","status":"publish","type":"page","link":"https:\/\/www.pelmatec.fi\/?page_id=31","title":{"rendered":"Yrityksen Tarina"},"content":{"rendered":"\n<p>Perustin yritykseni vuonna 2018 pitk\u00e4n metalli- ja puuty\u00f6harrastusuran jatkumoksi. T\u00e4t\u00e4 ennen ehdin tehd\u00e4 pitk\u00e4n rupeaman perinteist\u00e4 s\u00e4\u00e4nn\u00f6llist\u00e4 kuukausipalkkaty\u00f6t\u00e4 muiden palveluksessa mm. suunnittelu- ja ohjelmointeht\u00e4viss\u00e4. Perusintohimoni on kuitenkin aina ollut ideointi ja k\u00e4sill\u00e4 tekeminen. Jos jokin on rikki tai huonosti toimiva niin usein alan ty\u00f6st\u00e4\u00e4 ideoita sen korjaamiseksi ja\/tai parantamiseksi. Omassa pajassani voin my\u00f6s vapaasti toteuttaa ideani.<\/p>\n\n\n\n<p>Peruskoulutukseltani olen elektroniikka-DI ja tein siis pitk\u00e4n uran &#8221;softakoodarina&#8221;. Muutama vuosi sitten suoritin ammattikoulussa koneistajan ja levysepp\u00e4hitsarin tutkinnot, koska halusin syvent\u00e4\u00e4 ja &#8221;virallistaa&#8221; konealan taitoni. Opin my\u00f6s mekaniikka-CAD:n k\u00e4yt\u00f6n ja CNC-ohjelmoinnin. Ammatikoulussa jatkoin opintojen j\u00e4lkeen pari vuotta koneistuksen, levyt\u00f6iden ja CAD opettajana.<\/p>\n\n\n\n<p>Ty\u00f6pajani on Pohjois-Espoossa asuntoni yhteydess\u00e4 sen sivurakennuksessa, jonka tein alunperin tilavaksi harrastustilaksi mutta soveltuu hyvin my\u00f6s yritt\u00e4miseen. Minulla on pajassani koneina mm. perus-metallinty\u00f6st\u00f6v\u00e4lineet (sorvi, vannesaha ja jyrsin), hitsauskoneet (puikko, MAG, AC\/DC TIG), CNC-jyrsinkone (muoville ja alumiinille) sek\u00e4 pieni raaka-ainevarasto, ter\u00e4st\u00e4, alumiinia ja messinki\u00e4. Etusivun taustakuvassa on yleiskuva pajastani.<\/p>\n\n\n\n<p><\/p>\n","protected":false},"excerpt":{"rendered":"<p>Perustin yritykseni vuonna 2018 pitk\u00e4n metalli- ja puuty\u00f6harrastusuran jatkumoksi. T\u00e4t\u00e4 ennen ehdin tehd\u00e4 pitk\u00e4n rupeaman perinteist\u00e4 s\u00e4\u00e4nn\u00f6llist\u00e4 kuukausipalkkaty\u00f6t\u00e4 muiden palveluksessa mm. suunnittelu- ja ohjelmointeht\u00e4viss\u00e4. Perusintohimoni on kuitenkin aina ollut ideointi ja k\u00e4sill\u00e4 tekeminen. Jos jokin on rikki tai huonosti toimiva niin usein alan ty\u00f6st\u00e4\u00e4 ideoita sen korjaamiseksi ja\/tai parantamiseksi. Omassa pajassani voin my\u00f6s vapaasti toteuttaa&hellip;&nbsp;<a href=\"https:\/\/www.pelmatec.fi\/?page_id=31\" class=\"\" rel=\"bookmark\">Lue lis\u00e4\u00e4 &raquo;<span class=\"screen-reader-text\">Yrityksen Tarina<\/span><\/a><\/p>\n","protected":false},"author":1,"featured_media":0,"parent":0,"menu_order":0,"comment_status":"closed","ping_status":"closed","template":"","meta":{"neve_meta_sidebar":"full-width","neve_meta_container":"","neve_meta_enable_content_width":"on","neve_meta_content_width":100,"neve_meta_title_alignment":"","neve_meta_author_avatar":"","neve_post_elements_order":"","neve_meta_disable_header":"","neve_meta_disable_footer":"","neve_meta_disable_title":""},"_links":{"self":[{"href":"https:\/\/www.pelmatec.fi\/index.php?rest_route=\/wp\/v2\/pages\/31"}],"collection":[{"href":"https:\/\/www.pelmatec.fi\/index.php?rest_route=\/wp\/v2\/pages"}],"about":[{"href":"https:\/\/www.pelmatec.fi\/index.php?rest_route=\/wp\/v2\/types\/page"}],"author":[{"embeddable":true,"href":"https:\/\/www.pelmatec.fi\/index.php?rest_route=\/wp\/v2\/users\/1"}],"replies":[{"embeddable":true,"href":"https:\/\/www.pelmatec.fi\/index.php?rest_route=%2Fwp%2Fv2%2Fcomments&post=31"}],"version-history":[{"count":10,"href":"https:\/\/www.pelmatec.fi\/index.php?rest_route=\/wp\/v2\/pages\/31\/revisions"}],"predecessor-version":[{"id":139,"href":"https:\/\/www.pelmatec.fi\/index.php?rest_route=\/wp\/v2\/pages\/31\/revisions\/139"}],"wp:attachment":[{"href":"https:\/\/www.pelmatec.fi\/index.php?rest_route=%2Fwp%2Fv2%2Fmedia&parent=31"}],"curies":[{"name":"wp","href":"https:\/\/api.w.org\/{rel}","templated":true}]}}