{"id":256,"date":"2021-08-26T15:52:07","date_gmt":"2021-08-26T12:52:07","guid":{"rendered":"https:\/\/www.pelmatec.fi\/?page_id=256"},"modified":"2022-08-25T15:18:23","modified_gmt":"2022-08-25T12:18:23","slug":"porsche-juomapulloteline","status":"publish","type":"page","link":"https:\/\/www.pelmatec.fi\/?page_id=256","title":{"rendered":"Porsche juomapulloteline"},"content":{"rendered":"\n<p>Juomapullotelineess\u00e4 on pidikkeet kahdelle 0,5 litran kokoiselle juomapullolle. Molemmat pidikkeet voi erikseen nostaa yl\u00f6s k\u00e4ytt\u00f6\u00f6n tai laskea alas pois tielt\u00e4; pidikkeet lukkiutuvat kevyesti yl\u00e4asentoonsa. Telineen asentaminen ei vaadi mit\u00e4\u00e4n muutoksia autoon vaan se on suunniteltu pysym\u00e4\u00e4n keskikonsolin reunan alla keskitunnelia vasten ja pysyykin tukevasti paikoillaan. Testatusti pullot pysyv\u00e4t telineess\u00e4 paikoillaan my\u00f6s radalla \ud83d\ude42<\/p>\n\n\n\n<figure class=\"wp-block-image size-full\"><a href=\"https:\/\/www.pelmatec.fi\/wp-content\/uploads\/2021\/09\/pbh_bees1.jpg\"><img decoding=\"async\" loading=\"lazy\" width=\"1001\" height=\"615\" src=\"https:\/\/www.pelmatec.fi\/wp-content\/uploads\/2021\/09\/pbh_bees1.jpg\" alt=\"\" class=\"wp-image-333\" srcset=\"https:\/\/www.pelmatec.fi\/wp-content\/uploads\/2021\/09\/pbh_bees1.jpg 1001w, https:\/\/www.pelmatec.fi\/wp-content\/uploads\/2021\/09\/pbh_bees1-300x184.jpg 300w, https:\/\/www.pelmatec.fi\/wp-content\/uploads\/2021\/09\/pbh_bees1-768x472.jpg 768w\" sizes=\"(max-width: 1001px) 100vw, 1001px\" \/><\/a><figcaption>Pulloteline 987 Boxsterissa<\/figcaption><\/figure>\n\n\n\n<p>Telineet valmistetaan 3D-tulostamalla PETG muovista ja saranatappi on ruostumatonta ter\u00e4st\u00e4. Telineen reik\u00e4 (67mm) on vain hiukan suurempi kuin normaali 0,5L vesi\/limupullo, jotta pullo ei p\u00e4\u00e4se luiskahtamaan telineest\u00e4 pois. Suurempi reik\u00e4 antaisi mahdollisuuden k\u00e4ytt\u00e4\u00e4 erikokoisia pulloja mutta silloin pienimm\u00e4t pullot eiv\u00e4t telineess\u00e4 en\u00e4\u00e4 pysyisi. T\u00e4m\u00e4 on tarkoituksella harkittu &#8221;rajoitus&#8221;, jotta telineen rakenne pysyisi yksinkertaisena ja pienikokoisena.<\/p>\n\n\n\n<figure class=\"wp-block-image size-full\"><a href=\"https:\/\/www.pelmatec.fi\/wp-content\/uploads\/2021\/09\/pbh_bees2.jpg\"><img decoding=\"async\" loading=\"lazy\" width=\"944\" height=\"487\" src=\"https:\/\/www.pelmatec.fi\/wp-content\/uploads\/2021\/09\/pbh_bees2.jpg\" alt=\"\" class=\"wp-image-334\" srcset=\"https:\/\/www.pelmatec.fi\/wp-content\/uploads\/2021\/09\/pbh_bees2.jpg 944w, https:\/\/www.pelmatec.fi\/wp-content\/uploads\/2021\/09\/pbh_bees2-300x155.jpg 300w, https:\/\/www.pelmatec.fi\/wp-content\/uploads\/2021\/09\/pbh_bees2-768x396.jpg 768w\" sizes=\"(max-width: 944px) 100vw, 944px\" \/><\/a><figcaption>987 Boxster<\/figcaption><\/figure>\n\n\n\n<h2 class=\"wp-block-heading\">Mallit<\/h2>\n\n\n\n<p>Pullotelineest\u00e4 on kaksi eri mallia: <\/p>\n\n\n\n<ul><li>9&#215;7: sopii Boxster(987), Cayman(987) ja 911(997). T\u00e4m\u00e4 malli yll\u00e4olevissa kuvissa.<\/li><li>9&#215;6: sopii Boxster(986) ja 911(996)<\/li><\/ul>\n\n\n\n<figure class=\"wp-block-image size-full\"><a href=\"https:\/\/www.pelmatec.fi\/wp-content\/uploads\/2021\/10\/pbh_9x6_1.jpg\"><img decoding=\"async\" loading=\"lazy\" width=\"878\" height=\"540\" src=\"https:\/\/www.pelmatec.fi\/wp-content\/uploads\/2021\/10\/pbh_9x6_1.jpg\" alt=\"\" class=\"wp-image-344\" srcset=\"https:\/\/www.pelmatec.fi\/wp-content\/uploads\/2021\/10\/pbh_9x6_1.jpg 878w, https:\/\/www.pelmatec.fi\/wp-content\/uploads\/2021\/10\/pbh_9x6_1-300x185.jpg 300w, https:\/\/www.pelmatec.fi\/wp-content\/uploads\/2021\/10\/pbh_9x6_1-768x472.jpg 768w\" sizes=\"(max-width: 878px) 100vw, 878px\" \/><\/a><figcaption>Pulloteline 986 Boxsterissa<\/figcaption><\/figure>\n\n\n\n<h2 class=\"has-text-align-left wp-block-heading\">V\u00e4rit<\/h2>\n\n\n\n<p>Pullotelineest\u00e4 l\u00f6ytyy kolme eri v\u00e4ri\u00e4: beige (kuvissa yll\u00e4), musta ja harmaa (kuva alla).<\/p>\n\n\n\n<figure class=\"wp-block-image size-full\"><a href=\"https:\/\/www.pelmatec.fi\/wp-content\/uploads\/2021\/09\/pbh_blkgrey-1.jpg\"><img decoding=\"async\" loading=\"lazy\" width=\"932\" height=\"450\" src=\"https:\/\/www.pelmatec.fi\/wp-content\/uploads\/2021\/09\/pbh_blkgrey-1.jpg\" alt=\"\" class=\"wp-image-340\" srcset=\"https:\/\/www.pelmatec.fi\/wp-content\/uploads\/2021\/09\/pbh_blkgrey-1.jpg 932w, https:\/\/www.pelmatec.fi\/wp-content\/uploads\/2021\/09\/pbh_blkgrey-1-300x145.jpg 300w, https:\/\/www.pelmatec.fi\/wp-content\/uploads\/2021\/09\/pbh_blkgrey-1-768x371.jpg 768w, https:\/\/www.pelmatec.fi\/wp-content\/uploads\/2021\/09\/pbh_blkgrey-1-930x450.jpg 930w\" sizes=\"(max-width: 932px) 100vw, 932px\" \/><\/a><figcaption>V\u00e4rit: musta ja harmaa<\/figcaption><\/figure>\n\n\n\n<h2 class=\"wp-block-heading\">Asennus<\/h2>\n\n\n\n<p>Asennus tapahtuu vet\u00e4m\u00e4ll\u00e4 keskikonsolin helmaa hiukan ulosp\u00e4in ja ty\u00f6nt\u00e4m\u00e4ll\u00e4 teline helman alle. Kuvissa teline on taaimmassa mahdollisessa paikassa, keskikonsolissa on joku kiinnike tuossa kohdassa. Asennuksessa kannattaa ensin sormilla etsi\u00e4 tuo kiinnike ja asentaa teline sen etupuolelle.<\/p>\n\n\n\n<h2 class=\"wp-block-heading\">Ostaminen ja hinnat <\/h2>\n\n\n\n<p>Jos olet kiinnostunut ostamaan juomapullotelineen, pyyd\u00e4n ottamaan yhteytt\u00e4 <a rel=\"noreferrer noopener\" href=\"mailto:jari.peltola@pelmatec.fi?subject=Porsche juomapulloteline kysely\" target=\"_blank\">s\u00e4hk\u00f6postilla<\/a> tai puhelimella (<a href=\"https:\/\/www.pelmatec.fi\/?page_id=9\">yhteystiedot<\/a>). Kerro kumpi malli kiinnostaa (9&#215;7 vai 9&#215;6) ja mik\u00e4 v\u00e4ri. L\u00e4het\u00e4n paluupostissa arvion toimitusajasta ja laskun, kun tuote on valmis toimitettavaksi. Tuotteen toimitan sitten, kun olen saanut maksun tililleni. Toimitusajat vaihtelevat varastotilanteen ja tilausten m\u00e4\u00e4r\u00e4n mukaan mutta yleens\u00e4 pystyn toimittamaan viimeist\u00e4\u00e4n viikon kuluessa. <\/p>\n\n\n\n<figure class=\"wp-block-table is-style-regular\"><table><tbody><tr><td><strong>Tuote<\/strong><\/td><td><strong>Hinta<\/strong><\/td><\/tr><tr><td>Juomapulloteline<\/td><td>39,50 \u20ac<\/td><\/tr><tr><td>Toimitus noudettuna Pelmatecista, Espoosta<\/td><td>0 \u20ac<\/td><\/tr><tr><td>Toimitus postipakettina noutopisteeseen Suomessa<\/td><td>4,90\u20ac<\/td><\/tr><\/tbody><\/table><figcaption>Hinnat alv 24%<\/figcaption><\/figure>\n\n\n\n<p><\/p>\n","protected":false},"excerpt":{"rendered":"<p>Juomapullotelineess\u00e4 on pidikkeet kahdelle 0,5 litran kokoiselle juomapullolle. Molemmat pidikkeet voi erikseen nostaa yl\u00f6s k\u00e4ytt\u00f6\u00f6n tai laskea alas pois tielt\u00e4; pidikkeet lukkiutuvat kevyesti yl\u00e4asentoonsa. Telineen asentaminen ei vaadi mit\u00e4\u00e4n muutoksia autoon vaan se on suunniteltu pysym\u00e4\u00e4n keskikonsolin reunan alla keskitunnelia vasten ja pysyykin tukevasti paikoillaan. Testatusti pullot pysyv\u00e4t telineess\u00e4 paikoillaan my\u00f6s radalla \ud83d\ude42 Telineet valmistetaan&hellip;&nbsp;<a href=\"https:\/\/www.pelmatec.fi\/?page_id=256\" class=\"\" rel=\"bookmark\">Lue lis\u00e4\u00e4 &raquo;<span class=\"screen-reader-text\">Porsche juomapulloteline<\/span><\/a><\/p>\n","protected":false},"author":1,"featured_media":0,"parent":0,"menu_order":0,"comment_status":"closed","ping_status":"closed","template":"","meta":{"neve_meta_sidebar":"full-width","neve_meta_container":"","neve_meta_enable_content_width":"on","neve_meta_content_width":100,"neve_meta_title_alignment":"","neve_meta_author_avatar":"","neve_post_elements_order":"","neve_meta_disable_header":"","neve_meta_disable_footer":"","neve_meta_disable_title":""},"_links":{"self":[{"href":"https:\/\/www.pelmatec.fi\/index.php?rest_route=\/wp\/v2\/pages\/256"}],"collection":[{"href":"https:\/\/www.pelmatec.fi\/index.php?rest_route=\/wp\/v2\/pages"}],"about":[{"href":"https:\/\/www.pelmatec.fi\/index.php?rest_route=\/wp\/v2\/types\/page"}],"author":[{"embeddable":true,"href":"https:\/\/www.pelmatec.fi\/index.php?rest_route=\/wp\/v2\/users\/1"}],"replies":[{"embeddable":true,"href":"https:\/\/www.pelmatec.fi\/index.php?rest_route=%2Fwp%2Fv2%2Fcomments&post=256"}],"version-history":[{"count":28,"href":"https:\/\/www.pelmatec.fi\/index.php?rest_route=\/wp\/v2\/pages\/256\/revisions"}],"predecessor-version":[{"id":424,"href":"https:\/\/www.pelmatec.fi\/index.php?rest_route=\/wp\/v2\/pages\/256\/revisions\/424"}],"wp:attachment":[{"href":"https:\/\/www.pelmatec.fi\/index.php?rest_route=%2Fwp%2Fv2%2Fmedia&parent=256"}],"curies":[{"name":"wp","href":"https:\/\/api.w.org\/{rel}","templated":true}]}}